{"id":5,"date":"2024-09-25T14:44:19","date_gmt":"2024-09-25T14:44:19","guid":{"rendered":"http:\/\/4uneed.eu\/?page_id=5"},"modified":"2024-10-02T07:28:51","modified_gmt":"2024-10-02T07:28:51","slug":"willkommen-auf-http-4uneed-eu","status":"publish","type":"page","link":"https:\/\/4uneed.de\/","title":{"rendered":"Willkommen bei 4uNeed"},"content":{"rendered":"\n<p>Aufgrund der sich versch\u00e4rfenden regulatorischen Anforderungen, die f\u00fcr kleine Startups wie uns mehr und mehr unerf\u00fcllbar sind, stellen wir unseren Shop ein.<\/p>\n\n\n\n<p>Wenn Ihr Fragen zu unseren Eigenprodukten habt, schreibt uns eine Mail an: <a href=\"mailto:office@4uneed.de\">office@4uneed.de<\/a>.<\/p>\n\n\n<div class=\"wp-block-image\">\n<figure class=\"aligncenter size-full\"><img loading=\"lazy\" decoding=\"async\" width=\"411\" height=\"513\" src=\"http:\/\/4uneed.eu\/wp-content\/uploads\/2024\/09\/cropped-1858_activeProduct-9-113_fancyboxfull.jpg\" alt=\"Kugeladapter zur Adaption von Airline auf RAM-Mount\u00ae\" class=\"wp-image-12\" title=\"Kugeladapter zur Adaption von Airline auf RAM-Mount\u00ae\" srcset=\"https:\/\/4uneed.de\/wp-content\/uploads\/2024\/09\/cropped-1858_activeProduct-9-113_fancyboxfull.jpg 411w, https:\/\/4uneed.de\/wp-content\/uploads\/2024\/09\/cropped-1858_activeProduct-9-113_fancyboxfull-240x300.jpg 240w\" sizes=\"auto, (max-width: 411px) 100vw, 411px\" \/><figcaption class=\"wp-element-caption\"><strong>Kugeladapter zur Adaption von Airline auf RAM-Mount\u00ae<\/strong><\/figcaption><\/figure>\n<\/div>\n\n\n<p><\/p>\n\n\n<div class=\"wp-block-image\">\n<figure class=\"aligncenter size-full\"><img loading=\"lazy\" decoding=\"async\" width=\"412\" height=\"550\" src=\"http:\/\/4uneed.eu\/wp-content\/uploads\/2024\/09\/1894_activeProduct-9-119_fancyboxfull-e1727853306572.jpg\" alt=\"Reifenh\u00fclle mit Anbringungsm\u00f6glichkeit Warntafel\" class=\"wp-image-9\" title=\"Reifenh\u00fclle mit Anbringungsm\u00f6glichkeit Warntafel\"\/><figcaption class=\"wp-element-caption\"><strong>Reifenh\u00fclle mit Anbringungsm\u00f6glichkeit Warntafel<\/strong><\/figcaption><\/figure>\n<\/div>\n\n\n<p><\/p>\n\n\n<div class=\"wp-block-image\">\n<figure class=\"aligncenter size-full\"><img loading=\"lazy\" decoding=\"async\" width=\"412\" height=\"275\" src=\"http:\/\/4uneed.eu\/wp-content\/uploads\/2024\/09\/1543_activeProduct-9-83_fancyboxfull-e1727853261675.jpg\" alt=\"Einstiegsketten, flexible Einstiegshilfe\" class=\"wp-image-10\" title=\"Einstiegsketten, flexible Einstiegshilfe\"\/><figcaption class=\"wp-element-caption\"><strong>Einstiegsketten, flexible Einstiegshilfe<\/strong><\/figcaption><\/figure>\n<\/div>","protected":false},"excerpt":{"rendered":"<p>Aufgrund der sich versch\u00e4rfenden regulatorischen Anforderungen, die f\u00fcr kleine Startups wie uns mehr und mehr unerf\u00fcllbar sind, stellen wir unseren Shop ein. Wenn Ihr Fragen zu unseren Eigenprodukten habt, schreibt uns eine Mail an: office@4uneed.de.<\/p>\n","protected":false},"author":1,"featured_media":0,"parent":0,"menu_order":0,"comment_status":"closed","ping_status":"open","template":"","meta":{"footnotes":""},"class_list":["post-5","page","type-page","status-publish","h-entry","hentry","h-as-page"],"_links":{"self":[{"href":"https:\/\/4uneed.de\/index.php?rest_route=\/wp\/v2\/pages\/5","targetHints":{"allow":["GET"]}}],"collection":[{"href":"https:\/\/4uneed.de\/index.php?rest_route=\/wp\/v2\/pages"}],"about":[{"href":"https:\/\/4uneed.de\/index.php?rest_route=\/wp\/v2\/types\/page"}],"author":[{"embeddable":true,"href":"https:\/\/4uneed.de\/index.php?rest_route=\/wp\/v2\/users\/1"}],"replies":[{"embeddable":true,"href":"https:\/\/4uneed.de\/index.php?rest_route=%2Fwp%2Fv2%2Fcomments&post=5"}],"version-history":[{"count":16,"href":"https:\/\/4uneed.de\/index.php?rest_route=\/wp\/v2\/pages\/5\/revisions"}],"predecessor-version":[{"id":42,"href":"https:\/\/4uneed.de\/index.php?rest_route=\/wp\/v2\/pages\/5\/revisions\/42"}],"wp:attachment":[{"href":"https:\/\/4uneed.de\/index.php?rest_route=%2Fwp%2Fv2%2Fmedia&parent=5"}],"curies":[{"name":"wp","href":"https:\/\/api.w.org\/{rel}","templated":true}]}}